{"id":642,"date":"2017-02-17T14:05:15","date_gmt":"2017-02-17T13:05:15","guid":{"rendered":"http:\/\/www.steelmeccanica.it\/cosa-facciamo\/produzione-stampi\/"},"modified":"2017-02-28T12:46:16","modified_gmt":"2017-02-28T11:46:16","slug":"produzione-stampi","status":"publish","type":"page","link":"https:\/\/steelmeccanica.it\/en\/cosa-facciamo\/produzione-stampi\/","title":{"rendered":"Produzione stampi"},"content":{"rendered":"[mk_page_section bg_image=&#8221;http:\/\/www.steelmeccanica.it\/wp-content\/uploads\/2017\/02\/steel-meccanica-produzione-stampi-1.jpg&#8221; bg_repeat=&#8221;no-repeat&#8221; bg_stretch=&#8221;true&#8221; enable_3d=&#8221;true&#8221; bg_gradient=&#8221;horizontal&#8221; video_color_mask=&#8221;#636162&#8243; gr_end=&#8221;#636162&#8243; video_opacity=&#8221;0.3&#8243; adaptive_height=&#8221;true&#8221; max_height=&#8221;1200&#8243; min_height=&#8221;675&#8243; full_height=&#8221;true&#8221; sidebar=&#8221;sidebar-1&#8243;][vc_column][mk_fancy_title color=&#8221;#ffffff&#8221; size=&#8221;30&#8243; txt_transform=&#8221;uppercase&#8221; letter_spacing=&#8221;4&#8243; margin_bottom=&#8221;0&#8243; font_family=&#8221;none&#8221; align=&#8221;center&#8221;]cosa facciamo[\/mk_fancy_title][mk_fancy_title color=&#8221;#ffffff&#8221; size=&#8221;48&#8243; force_font_size=&#8221;true&#8221; size_phone=&#8221;40&#8243; font_weight=&#8221;bold&#8221; txt_transform=&#8221;capitalize&#8221; margin_bottom=&#8221;50&#8243; font_family=&#8221;none&#8221; align=&#8221;center&#8221;]Produzione stampi[\/mk_fancy_title][\/vc_column][\/mk_page_section][vc_row][vc_column][vc_column_text]\n<p class=\"p1\"><span class=\"s1\">Da quel lontano 1994 sono passati oltre venti anni, anni durante i quali la Steel Meccanica, da azienda nata dedicandosi e servendo prevalentemente il comparto dell\u2019<a href=\"http:\/\/www.steelmeccanica.it\/en\/prodotti\/elettrodomestici\/\">elettrodomestico<\/a>, si \u00e8 evoluta ed \u00e8 cresciuta nelle dimensioni, nell\u2019organizzazione e nella tecnologia, consentendole oggi di occuparsi anche di <a href=\"http:\/\/www.steelmeccanica.it\/en\/prodotti\/altro\/\">altri mercati<\/a>, come tra gli altri quello complesso e altamente concorrenziale dell\u2019<a href=\"http:\/\/www.steelmeccanica.it\/en\/prodotti\/automotive\/\">Automotive<\/a>.<\/span><\/p>\n<p class=\"p1\"><span class=\"s1\">Crescita e sviluppo nelle dimensioni dicevamo. <strong>Ad oggi l\u2019azienda si estende su una superficie di oltre 3000mq dove \u00e8 in grado di assicurare 10.000 ore di produzione<\/strong>. Ma anche nell\u2019organizzazione, con pi\u00f9 di 300mq di uffici (<a href=\"http:\/\/www.steelmeccanica.it\/en\/cosa-facciamo\/progettazione-stampi\/\">2000 ore annue di progettazione<\/a>). E sopratutto tecnologico. La Steel Meccanica ha infatti sposato ormai da tempo la <strong>filosofia del paperless<\/strong>, lavorando con procedure totalmente informatizzate, dall\u2019emissione del preventivo fino alla prova stampo finale.<\/span><\/p>\n<p class=\"p1\"><span class=\"s1\"><strong>Tutto il ciclo \u00e8 tracciato<\/strong>, produzione compresa che \u00e8 monitorata tramite specifico software. Procedura che consente di eliminare quasi completamente gli errori, sia perch\u00e9 tutto \u00e8 tracciato sia perch\u00e9 si risale tempestivamente ad un\u2019eventuale imperfezione nella filiera grazie ai dati aggiornati in tempo reali.<\/span><\/p>\n<p class=\"p1\"><span class=\"s1\">L\u2019officina dispone di fresatrici a controllo numerico ad alta velocit\u00e0 di medie e grandi dimensioni, di erosione a filo, rettifiche per piani (presse per il collaudo fino a 1000 ton) e tutte le macchine necessarie per rendere l\u2019<strong>azienda autonoma dalla progettazione al collaudo<\/strong>.<br \/>\n<\/span><span class=\"s1\">Una rete di collaborazioni esterne consolidate nel tempo rendono la Steel Meccanica<strong>\u00a0in grado anche di fornire produzione in serie<\/strong>.<\/span><\/p>\n[\/vc_column_text][mk_custom_list animation=&#8221;right-to-left&#8221;]\n<ul>\n<li>un centro di lavoro Paventa \u201cnew Speed\u201d\u00a0ad alta velocit\u00e0 con CNC selca 4045 digit plus, campo di lavoro 1750x650x600 con testa di potenza a 16.000 rpm;<\/li>\n<li>una fresatrice Sachman a montante mobile, alta velocit\u00e0, con CNC selca 4045 digit plus, campo di lavoro 2500x950x1000 con testa di potenza indexata di ultima generazione;<\/li>\n<li>una fresatrice Sachman a montante mobile, alta velocit\u00e0, con CNC selca 4045 digit plus, campo di lavoro 2000x950x1000 con elettromandrino di potenza, 15.000 rpm e cambio utensile di ultima generazione;<\/li>\n<li>un\u2019erosione a filo Robofil 290, campo di lavoro 400x250x150;<\/li>\n<li>un\u2019erosione a filo Robofil 390, campo di lavoro 400x300x150;<\/li>\n<li>un\u2019erosione a filo Alfa 1D, campo di lavoro 600x300x300;<\/li>\n<li>un\u2019erosione a tuffo;<\/li>\n<li>una rettifica tangenziale Favretto, campo di lavoro 900x350x300;<\/li>\n<li>una rettifica tangenziale Favretto a CNC, campo di lavoro 1100x550x350;<\/li>\n<li>una rettifica tangenziale Rosa a CNC, campo di lavoro 1100x550x350;<\/li>\n<li>due trapani radiali;<\/li>\n<li>un trapano a colonna;<\/li>\n<li>un tornio parallelo visualizzato;<\/li>\n<li>una stazione di trattamento termico composta da un forno in atmosfera inerte per tempra, un forno tradizionale per rinvenimento e una vasca di precipitazione climatizzata per spegnimento in olio. Questa stazione viene usata prevalentemente per modifiche o manutenzioni urgenti, Per la normale produzione l\u2019azienda si avvale di un fornitore specializzato e certificato;<\/li>\n<li>tre carroponti di movimento da 5 a 10 tonnellate.<\/li>\n<\/ul>\n[\/mk_custom_list][\/vc_column][\/vc_row]\n","protected":false},"excerpt":{"rendered":"<p>[mk_page_section bg_image=&#8221;http:\/\/www.steelmeccanica.it\/wp-content\/uploads\/2017\/02\/steel-meccanica-produzione-stampi-1.jpg&#8221; bg_repeat=&#8221;no-repeat&#8221; bg_stretch=&#8221;true&#8221; enable_3d=&#8221;true&#8221; bg_gradient=&#8221;horizontal&#8221; video_color_mask=&#8221;#636162&#8243; gr_end=&#8221;#636162&#8243; video_opacity=&#8221;0.3&#8243; adaptive_height=&#8221;true&#8221; max_height=&#8221;1200&#8243; min_height=&#8221;675&#8243; full_height=&#8221;true&#8221; sidebar=&#8221;sidebar-1&#8243;][vc_column][mk_fancy_title color=&#8221;#ffffff&#8221; size=&#8221;30&#8243; txt_transform=&#8221;uppercase&#8221; letter_spacing=&#8221;4&#8243; margin_bottom=&#8221;0&#8243; font_family=&#8221;none&#8221; align=&#8221;center&#8221;]cosa facciamo[\/mk_fancy_title][mk_fancy_title color=&#8221;#ffffff&#8221; size=&#8221;48&#8243; force_font_size=&#8221;true&#8221; size_phone=&#8221;40&#8243; font_weight=&#8221;bold&#8221; txt_transform=&#8221;capitalize&#8221; margin_bottom=&#8221;50&#8243; font_family=&#8221;none&#8221; align=&#8221;center&#8221;]Produzione stampi[\/mk_fancy_title][\/vc_column][\/mk_page_section][vc_row][vc_column][vc_column_text] Da quel lontano 1994 sono passati oltre venti anni, anni durante i quali la Steel Meccanica, da azienda nata dedicandosi e servendo prevalentemente [&hellip;]<\/p>\n","protected":false},"author":1,"featured_media":0,"parent":638,"menu_order":0,"comment_status":"closed","ping_status":"closed","template":"","meta":{"footnotes":""},"class_list":["post-642","page","type-page","status-publish","hentry"],"yoast_head":"<!-- This site is optimized with the Yoast SEO plugin v26.6 - https:\/\/yoast.com\/wordpress\/plugins\/seo\/ -->\n<title>Produzione stampi - Steel Meccanica<\/title>\n<meta name=\"robots\" content=\"index, follow, max-snippet:-1, max-image-preview:large, max-video-preview:-1\" \/>\n<link rel=\"canonical\" href=\"https:\/\/steelmeccanica.it\/en\/cosa-facciamo\/produzione-stampi\/\" \/>\n<meta property=\"og:locale\" content=\"en_US\" \/>\n<meta property=\"og:type\" content=\"article\" \/>\n<meta property=\"og:title\" content=\"Produzione stampi - Steel Meccanica\" \/>\n<meta property=\"og:description\" content=\"[mk_page_section bg_image=&#8221;http:\/\/www.steelmeccanica.it\/wp-content\/uploads\/2017\/02\/steel-meccanica-produzione-stampi-1.jpg&#8221; bg_repeat=&#8221;no-repeat&#8221; bg_stretch=&#8221;true&#8221; enable_3d=&#8221;true&#8221; bg_gradient=&#8221;horizontal&#8221; video_color_mask=&#8221;#636162&#8243; gr_end=&#8221;#636162&#8243; video_opacity=&#8221;0.3&#8243; adaptive_height=&#8221;true&#8221; max_height=&#8221;1200&#8243; min_height=&#8221;675&#8243; full_height=&#8221;true&#8221; sidebar=&#8221;sidebar-1&#8243;][vc_column][mk_fancy_title color=&#8221;#ffffff&#8221; size=&#8221;30&#8243; txt_transform=&#8221;uppercase&#8221; letter_spacing=&#8221;4&#8243; margin_bottom=&#8221;0&#8243; font_family=&#8221;none&#8221; align=&#8221;center&#8221;]cosa facciamo[\/mk_fancy_title][mk_fancy_title color=&#8221;#ffffff&#8221; size=&#8221;48&#8243; force_font_size=&#8221;true&#8221; size_phone=&#8221;40&#8243; font_weight=&#8221;bold&#8221; txt_transform=&#8221;capitalize&#8221; margin_bottom=&#8221;50&#8243; font_family=&#8221;none&#8221; align=&#8221;center&#8221;]Produzione stampi[\/mk_fancy_title][\/vc_column][\/mk_page_section][vc_row][vc_column][vc_column_text] Da quel lontano 1994 sono passati oltre venti anni, anni durante i quali la Steel Meccanica, da azienda nata dedicandosi e servendo prevalentemente [&hellip;]\" \/>\n<meta property=\"og:url\" content=\"https:\/\/steelmeccanica.it\/en\/cosa-facciamo\/produzione-stampi\/\" \/>\n<meta property=\"og:site_name\" content=\"Steel Meccanica\" \/>\n<meta property=\"article:modified_time\" content=\"2017-02-28T11:46:16+00:00\" \/>\n<meta name=\"twitter:card\" content=\"summary_large_image\" \/>\n<meta name=\"twitter:label1\" content=\"Est. reading time\" \/>\n\t<meta name=\"twitter:data1\" content=\"3 minutes\" \/>\n<script type=\"application\/ld+json\" class=\"yoast-schema-graph\">{\"@context\":\"https:\/\/schema.org\",\"@graph\":[{\"@type\":\"WebPage\",\"@id\":\"https:\/\/steelmeccanica.it\/en\/cosa-facciamo\/produzione-stampi\/\",\"url\":\"https:\/\/steelmeccanica.it\/en\/cosa-facciamo\/produzione-stampi\/\",\"name\":\"Produzione stampi - Steel Meccanica\",\"isPartOf\":{\"@id\":\"https:\/\/steelmeccanica.it\/en\/#website\"},\"datePublished\":\"2017-02-17T13:05:15+00:00\",\"dateModified\":\"2017-02-28T11:46:16+00:00\",\"breadcrumb\":{\"@id\":\"https:\/\/steelmeccanica.it\/en\/cosa-facciamo\/produzione-stampi\/#breadcrumb\"},\"inLanguage\":\"en-US\",\"potentialAction\":[{\"@type\":\"ReadAction\",\"target\":[\"https:\/\/steelmeccanica.it\/en\/cosa-facciamo\/produzione-stampi\/\"]}]},{\"@type\":\"BreadcrumbList\",\"@id\":\"https:\/\/steelmeccanica.it\/en\/cosa-facciamo\/produzione-stampi\/#breadcrumb\",\"itemListElement\":[{\"@type\":\"ListItem\",\"position\":1,\"name\":\"Home\",\"item\":\"https:\/\/steelmeccanica.it\/\"},{\"@type\":\"ListItem\",\"position\":2,\"name\":\"Cosa facciamo\",\"item\":\"https:\/\/steelmeccanica.it\/cosa-facciamo\/\"},{\"@type\":\"ListItem\",\"position\":3,\"name\":\"Produzione stampi\"}]},{\"@type\":\"WebSite\",\"@id\":\"https:\/\/steelmeccanica.it\/en\/#website\",\"url\":\"https:\/\/steelmeccanica.it\/en\/\",\"name\":\"Steel Meccanica\",\"description\":\"Costruzione stampi lamiera acciaio\",\"publisher\":{\"@id\":\"https:\/\/steelmeccanica.it\/en\/#organization\"},\"potentialAction\":[{\"@type\":\"SearchAction\",\"target\":{\"@type\":\"EntryPoint\",\"urlTemplate\":\"https:\/\/steelmeccanica.it\/en\/?s={search_term_string}\"},\"query-input\":{\"@type\":\"PropertyValueSpecification\",\"valueRequired\":true,\"valueName\":\"search_term_string\"}}],\"inLanguage\":\"en-US\"},{\"@type\":\"Organization\",\"@id\":\"https:\/\/steelmeccanica.it\/en\/#organization\",\"name\":\"Steel Meccanica\",\"url\":\"https:\/\/steelmeccanica.it\/en\/\",\"logo\":{\"@type\":\"ImageObject\",\"inLanguage\":\"en-US\",\"@id\":\"https:\/\/steelmeccanica.it\/en\/#\/schema\/logo\/image\/\",\"url\":\"https:\/\/steelmeccanica.com\/wp-content\/uploads\/2017\/02\/steelmeccanica-logo-ipad-retina.png\",\"contentUrl\":\"https:\/\/steelmeccanica.com\/wp-content\/uploads\/2017\/02\/steelmeccanica-logo-ipad-retina.png\",\"width\":118,\"height\":144,\"caption\":\"Steel Meccanica\"},\"image\":{\"@id\":\"https:\/\/steelmeccanica.it\/en\/#\/schema\/logo\/image\/\"}}]}<\/script>\n<!-- \/ Yoast SEO plugin. -->","yoast_head_json":{"title":"Produzione stampi - Steel Meccanica","robots":{"index":"index","follow":"follow","max-snippet":"max-snippet:-1","max-image-preview":"max-image-preview:large","max-video-preview":"max-video-preview:-1"},"canonical":"https:\/\/steelmeccanica.it\/en\/cosa-facciamo\/produzione-stampi\/","og_locale":"en_US","og_type":"article","og_title":"Produzione stampi - Steel Meccanica","og_description":"[mk_page_section bg_image=&#8221;http:\/\/www.steelmeccanica.it\/wp-content\/uploads\/2017\/02\/steel-meccanica-produzione-stampi-1.jpg&#8221; bg_repeat=&#8221;no-repeat&#8221; bg_stretch=&#8221;true&#8221; enable_3d=&#8221;true&#8221; bg_gradient=&#8221;horizontal&#8221; video_color_mask=&#8221;#636162&#8243; gr_end=&#8221;#636162&#8243; video_opacity=&#8221;0.3&#8243; adaptive_height=&#8221;true&#8221; max_height=&#8221;1200&#8243; min_height=&#8221;675&#8243; full_height=&#8221;true&#8221; sidebar=&#8221;sidebar-1&#8243;][vc_column][mk_fancy_title color=&#8221;#ffffff&#8221; size=&#8221;30&#8243; txt_transform=&#8221;uppercase&#8221; letter_spacing=&#8221;4&#8243; margin_bottom=&#8221;0&#8243; font_family=&#8221;none&#8221; align=&#8221;center&#8221;]cosa facciamo[\/mk_fancy_title][mk_fancy_title color=&#8221;#ffffff&#8221; size=&#8221;48&#8243; force_font_size=&#8221;true&#8221; size_phone=&#8221;40&#8243; font_weight=&#8221;bold&#8221; txt_transform=&#8221;capitalize&#8221; margin_bottom=&#8221;50&#8243; font_family=&#8221;none&#8221; align=&#8221;center&#8221;]Produzione stampi[\/mk_fancy_title][\/vc_column][\/mk_page_section][vc_row][vc_column][vc_column_text] Da quel lontano 1994 sono passati oltre venti anni, anni durante i quali la Steel Meccanica, da azienda nata dedicandosi e servendo prevalentemente [&hellip;]","og_url":"https:\/\/steelmeccanica.it\/en\/cosa-facciamo\/produzione-stampi\/","og_site_name":"Steel Meccanica","article_modified_time":"2017-02-28T11:46:16+00:00","twitter_card":"summary_large_image","twitter_misc":{"Est. reading time":"3 minutes"},"schema":{"@context":"https:\/\/schema.org","@graph":[{"@type":"WebPage","@id":"https:\/\/steelmeccanica.it\/en\/cosa-facciamo\/produzione-stampi\/","url":"https:\/\/steelmeccanica.it\/en\/cosa-facciamo\/produzione-stampi\/","name":"Produzione stampi - Steel Meccanica","isPartOf":{"@id":"https:\/\/steelmeccanica.it\/en\/#website"},"datePublished":"2017-02-17T13:05:15+00:00","dateModified":"2017-02-28T11:46:16+00:00","breadcrumb":{"@id":"https:\/\/steelmeccanica.it\/en\/cosa-facciamo\/produzione-stampi\/#breadcrumb"},"inLanguage":"en-US","potentialAction":[{"@type":"ReadAction","target":["https:\/\/steelmeccanica.it\/en\/cosa-facciamo\/produzione-stampi\/"]}]},{"@type":"BreadcrumbList","@id":"https:\/\/steelmeccanica.it\/en\/cosa-facciamo\/produzione-stampi\/#breadcrumb","itemListElement":[{"@type":"ListItem","position":1,"name":"Home","item":"https:\/\/steelmeccanica.it\/"},{"@type":"ListItem","position":2,"name":"Cosa facciamo","item":"https:\/\/steelmeccanica.it\/cosa-facciamo\/"},{"@type":"ListItem","position":3,"name":"Produzione stampi"}]},{"@type":"WebSite","@id":"https:\/\/steelmeccanica.it\/en\/#website","url":"https:\/\/steelmeccanica.it\/en\/","name":"Steel Meccanica","description":"Costruzione stampi lamiera acciaio","publisher":{"@id":"https:\/\/steelmeccanica.it\/en\/#organization"},"potentialAction":[{"@type":"SearchAction","target":{"@type":"EntryPoint","urlTemplate":"https:\/\/steelmeccanica.it\/en\/?s={search_term_string}"},"query-input":{"@type":"PropertyValueSpecification","valueRequired":true,"valueName":"search_term_string"}}],"inLanguage":"en-US"},{"@type":"Organization","@id":"https:\/\/steelmeccanica.it\/en\/#organization","name":"Steel Meccanica","url":"https:\/\/steelmeccanica.it\/en\/","logo":{"@type":"ImageObject","inLanguage":"en-US","@id":"https:\/\/steelmeccanica.it\/en\/#\/schema\/logo\/image\/","url":"https:\/\/steelmeccanica.com\/wp-content\/uploads\/2017\/02\/steelmeccanica-logo-ipad-retina.png","contentUrl":"https:\/\/steelmeccanica.com\/wp-content\/uploads\/2017\/02\/steelmeccanica-logo-ipad-retina.png","width":118,"height":144,"caption":"Steel Meccanica"},"image":{"@id":"https:\/\/steelmeccanica.it\/en\/#\/schema\/logo\/image\/"}}]}},"_links":{"self":[{"href":"https:\/\/steelmeccanica.it\/en\/wp-json\/wp\/v2\/pages\/642","targetHints":{"allow":["GET"]}}],"collection":[{"href":"https:\/\/steelmeccanica.it\/en\/wp-json\/wp\/v2\/pages"}],"about":[{"href":"https:\/\/steelmeccanica.it\/en\/wp-json\/wp\/v2\/types\/page"}],"author":[{"embeddable":true,"href":"https:\/\/steelmeccanica.it\/en\/wp-json\/wp\/v2\/users\/1"}],"replies":[{"embeddable":true,"href":"https:\/\/steelmeccanica.it\/en\/wp-json\/wp\/v2\/comments?post=642"}],"version-history":[{"count":2,"href":"https:\/\/steelmeccanica.it\/en\/wp-json\/wp\/v2\/pages\/642\/revisions"}],"predecessor-version":[{"id":737,"href":"https:\/\/steelmeccanica.it\/en\/wp-json\/wp\/v2\/pages\/642\/revisions\/737"}],"up":[{"embeddable":true,"href":"https:\/\/steelmeccanica.it\/en\/wp-json\/wp\/v2\/pages\/638"}],"wp:attachment":[{"href":"https:\/\/steelmeccanica.it\/en\/wp-json\/wp\/v2\/media?parent=642"}],"curies":[{"name":"wp","href":"https:\/\/api.w.org\/{rel}","templated":true}]}}